{"id":2043,"date":"2019-10-06T18:08:25","date_gmt":"2019-10-06T18:08:25","guid":{"rendered":"https:\/\/aminefaiz.me\/luxio-lighting\/a-propos\/"},"modified":"2020-09-09T10:09:51","modified_gmt":"2020-09-09T10:09:51","slug":"a-propos","status":"publish","type":"page","link":"https:\/\/luxio-lighting.com\/en\/a-propos\/","title":{"rendered":"About us"},"content":{"rendered":"\n<p>\u00abLuxio Lighting\u00bb est sp\u00e9cialis\u00e9e dans la conception et la production de luminaires LED destin\u00e9s \u00e0 l\u2019\u00e9clairage architectural Int\u00e9rieur, Ext\u00e9rieur, Industriel et Urbain.Bas\u00e9e sur sa gamme de produits LED.<\/p>\n\n\n\n<p>Nous nous engageons \u00e0 toujours ouvrir la meilleure performance en \u00e9clairage en d\u00e9veloppant des Solutions \u00e0 la pointe de l\u2019innovation.<\/p>\n\n\n\n<p>\u00abLuxio Lighting\u00bb peut ais\u00e9ment adapter, personnaliser ou m\u00eame concevoir sur mesure votre solution lumi\u00e8re. Son extr\u00eame souplesse et sa r\u00e9activit\u00e9 aux demandes de ses clients font d\u2019elle le partenaire id\u00e9al de votre projet dans le domaine de l\u2019\u00e9clairage.<\/p>\n\n\n\n<p>\u00abLuxio Lighting\u00bb c\u2019est aussi une \u00e9quipe performante en ing\u00e9nierie \u00e9clairage pour l\u2019\u00e9laboration d\u2019une \u00e9tude sp\u00e9cifique aux projets de nos clients avec simulation d\u2019\u00e9clairage en 3D qui permet d\u2019apporter l\u2019exactitude du besoin en type, en quantit\u00e9 et en puissance de luminaires.<\/p>\n\n\n\n<p>Nos \u00e9quipes restent \u00e0 l\u2019\u00e9coute du march\u00e9 et fournissent tous les efforts en mati\u00e8re de recherche et de D\u00e9veloppement pour r\u00e9pondre \u00e0 une demande croissante et toujours plus exigeante dans le domaine de la LED.<\/p>\n","protected":false},"excerpt":{"rendered":"<p>\u00abLuxio Lighting\u00bb est sp\u00e9cialis\u00e9e dans la conception et la production de luminaires LED destin\u00e9s \u00e0 l\u2019\u00e9clairage architectural Int\u00e9rieur, Ext\u00e9rieur, Industriel et Urbain.Bas\u00e9e sur sa gamme de produits LED. Nous nous engageons \u00e0 toujours ouvrir la meilleure performance en \u00e9clairage en d\u00e9veloppant des Solutions \u00e0 la pointe de l\u2019innovation. \u00abLuxio Lighting\u00bb peut ais\u00e9ment adapter, personnaliser ou [&hellip;]<\/p>\n","protected":false},"author":1,"featured_media":0,"parent":0,"menu_order":0,"comment_status":"closed","ping_status":"closed","template":"","meta":{"_acf_changed":false,"footnotes":""},"class_list":["post-2043","page","type-page","status-publish","hentry"],"acf":[],"_links":{"self":[{"href":"https:\/\/luxio-lighting.com\/en\/wp-json\/wp\/v2\/pages\/2043","targetHints":{"allow":["GET"]}}],"collection":[{"href":"https:\/\/luxio-lighting.com\/en\/wp-json\/wp\/v2\/pages"}],"about":[{"href":"https:\/\/luxio-lighting.com\/en\/wp-json\/wp\/v2\/types\/page"}],"author":[{"embeddable":true,"href":"https:\/\/luxio-lighting.com\/en\/wp-json\/wp\/v2\/users\/1"}],"replies":[{"embeddable":true,"href":"https:\/\/luxio-lighting.com\/en\/wp-json\/wp\/v2\/comments?post=2043"}],"version-history":[{"count":0,"href":"https:\/\/luxio-lighting.com\/en\/wp-json\/wp\/v2\/pages\/2043\/revisions"}],"wp:attachment":[{"href":"https:\/\/luxio-lighting.com\/en\/wp-json\/wp\/v2\/media?parent=2043"}],"curies":[{"name":"wp","href":"https:\/\/api.w.org\/{rel}","templated":true}]}}